{"id":8031,"date":"2023-05-01T21:24:37","date_gmt":"2023-05-01T19:24:37","guid":{"rendered":"https:\/\/globalneprzebudzenie.pl\/?post_type=product&#038;p=8031"},"modified":"2023-12-27T10:17:31","modified_gmt":"2023-12-27T09:17:31","slug":"globalne-przebudzenie-globalne-przebudzenie-tom-3-wszechswiaty-wewnatrz-nas","status":"publish","type":"product","link":"https:\/\/globalneprzebudzenie.pl\/?product=globalne-przebudzenie-globalne-przebudzenie-tom-3-wszechswiaty-wewnatrz-nas","title":{"rendered":"[NOWO\u015a\u0106] Globalne Przebudzenie. Tom 3. Wszech\u015bwiaty Wewn\u0105trz Nas (EBOOK)"},"content":{"rendered":"<p>&#8222;Globalne Przebudzenie: Wszech\u015bwiaty Wewn\u0105trz Nas&#8221; to trzeci tom serii po\u015bwi\u0119conej procesowi rozwoju \u015bwiadomo\u015bci, kt\u00f3ry aktualnie ma miejsce na Ziemi. Ksi\u0105\u017cka przenosi czytelnika w g\u0142\u0105b wewn\u0119trznego \u015bwiata cz\u0142owieka, do jego rdzenia, gdzie zachodzi ewolucyjna zmiana. Ewolucja, kt\u00f3rej podlegamy, dotyczy przede wszystkim naszej \u015bwiadomo\u015bci i przygotowuje nas do otworzenia si\u0119 na wielowymiarowo\u015b\u0107 istnienia.<\/p>\n<p>Tre\u015b\u0107 ksi\u0105\u017cki koncentruje si\u0119 na dokonuj\u0105cej si\u0119 obecnie transformacji cz\u0142owieka, kt\u00f3ry dojrzewa do przejawienia pe\u0142ni swojego duchowego potencja\u0142u. Autor dzieli si\u0119 swoimi \u015bwie\u017cymi spostrze\u017ceniami dotycz\u0105cymi tego, co teraz dzieje si\u0119 w naszym wn\u0119trzu, w jakim kierunku ta transformacja nas prowadzi, a tak\u017ce jak sobie radzi\u0107 z wyzwaniami, kt\u00f3rymi obci\u0105\u017cony jest \u015bwiat psychiki, emocji oraz my\u015bli. Od premiery tomu drugiego min\u0119\u0142y ju\u017c ponad dwa lata i w tym czasie w naszej rzeczywisto\u015bci dokona\u0142o si\u0119 wiele zmian na poziomie energetycznej matrycy planety. Jeste\u015bmy teraz w zupe\u0142nie innym miejscu, a dynamika energetycznych proces\u00f3w nieustannie przyspiesza. Nacisk tych proces\u00f3w przede wszystkim skierowany jest na rozbijanie wewn\u0119trznych ogranicze\u0144 na poziomie kolektywnego umys\u0142u, kt\u00f3re towarzyszy\u0142y ludzko\u015bci przez wieki. Jeste\u015bmy teraz wspierani przez p\u0142yn\u0105cy nurt \u017cycia, aby zostawi\u0107 za sob\u0105 ca\u0142y balast naszej starej \u015bwiadomo\u015bci i z odwag\u0105 wej\u015b\u0107 w nowe.<\/p>\n<p>Ksi\u0105\u017cka z jednej strony skupia si\u0119 na nieograniczonych zasobach \u015bwiadomo\u015bci, do kt\u00f3rych ka\u017cdy ma dost\u0119p, a z drugiej strony wskazuje na istniej\u0105ce g\u0142\u00f3wnie na poziomie umys\u0142u mechanizmy oraz wzorce program\u00f3w, kt\u00f3re nas ograniczaj\u0105 i nierzadko wi\u0105\u017c\u0105 w p\u0119tlach autosabota\u017cu. Budzi w czytelniku \u015bwiadomo\u015b\u0107 istnienia rzeczywisto\u015bci niefizycznej i wskazuje przestrze\u0144 serca jako most do niej. Ukazuje oraz definiuje mi\u0142o\u015b\u0107 jako najwi\u0119ksz\u0105 istniej\u0105c\u0105 si\u0142\u0119, a tak\u017ce panaceum na zagubienie wsp\u00f3\u0142czesnego cz\u0142owieka i wynikaj\u0105cy z niego mentalno-emocjonalny brak r\u00f3wnowagi. Wyja\u015bnia dlaczego mi\u0142o\u015b\u0107 jest kluczem do ewolucji naszej \u015bwiadomo\u015bci do wy\u017cszego wymiaru istnienia. Prowadzi oraz nawiguje czytelnika, aby dotar\u0142 w sobie do miejsca wolnego od l\u0119ku, oporu, kontroli oraz dominacji umys\u0142u. Wewn\u0119trznej krainy serca, w kt\u00f3rej swoje \u017ar\u00f3d\u0142o maj\u0105 spok\u00f3j, mi\u0142o\u015b\u0107, wolno\u015b\u0107, akceptacja, rado\u015b\u0107 istnienia, rozszerzona percepcja rzeczywisto\u015bci oraz intuicyjno-empatyczne talenty, a bycie w przep\u0142ywie energetycznym jest naturalnym stanem.<\/p>\n<p>&#8222;Globalne Przebudzenie: Wszech\u015bwiaty Wewn\u0105trz Nas&#8221; to ksi\u0105\u017cka, kt\u00f3ra inspiruje do badania nieodkrytego potencja\u0142u swojej \u015bwiadomo\u015bci i daje narz\u0119dzia do transformacji wewn\u0119trznego \u015bwiata, prowadz\u0105cej do pe\u0142niejszego do\u015bwiadczania siebie i rzeczywisto\u015bci. Jest to cenna lektura dla tych, kt\u00f3rzy d\u0105\u017c\u0105 do dalszego rozwoju i poszukiwania g\u0142\u0119bszych prawd o sobie i otaczaj\u0105cym nas \u015bwiecie.<\/p>\n","protected":false},"excerpt":{"rendered":"<p>&#8222;Globalne Przebudzenie: Wszech\u015bwiaty Wewn\u0105trz Nas&#8221; to trzeci tom serii po\u015bwi\u0119conej procesowi rozwoju \u015bwiadomo\u015bci, kt\u00f3ry aktualnie ma miejsce na Ziemi. Ksi\u0105\u017cka przenosi czytelnika w g\u0142\u0105b wewn\u0119trznego \u015bwiata cz\u0142owieka, do jego rdzenia, gdzie zachodzi ewolucyjna zmiana. Ewolucja, kt\u00f3rej podlegamy, dotyczy przede wszystkim naszej \u015bwiadomo\u015bci i przygotowuje nas do otworzenia si\u0119 na wielowymiarowo\u015b\u0107 istnienia.<\/p>\n","protected":false},"featured_media":8035,"comment_status":"open","ping_status":"closed","template":"","meta":[],"product_cat":[41],"product_tag":[],"yoast_head":"<!-- This site is optimized with the Yoast SEO plugin v17.7.1 - https:\/\/yoast.com\/wordpress\/plugins\/seo\/ -->\n<title>[NOWO\u015a\u0106] Globalne Przebudzenie. Tom 3. Wszech\u015bwiaty Wewn\u0105trz Nas (EBOOK) - GLOBALNE PRZEBUDZENIE<\/title>\n<meta name=\"robots\" content=\"index, follow, max-snippet:-1, max-image-preview:large, max-video-preview:-1\" \/>\n<link rel=\"canonical\" href=\"https:\/\/globalneprzebudzenie.pl\/?product=globalne-przebudzenie-globalne-przebudzenie-tom-3-wszechswiaty-wewnatrz-nas\" \/>\n<meta property=\"og:locale\" content=\"pl_PL\" \/>\n<meta property=\"og:type\" content=\"article\" \/>\n<meta property=\"og:title\" content=\"[NOWO\u015a\u0106] Globalne Przebudzenie. Tom 3. Wszech\u015bwiaty Wewn\u0105trz Nas (EBOOK) - GLOBALNE PRZEBUDZENIE\" \/>\n<meta property=\"og:description\" content=\"&quot;Globalne Przebudzenie: Wszech\u015bwiaty Wewn\u0105trz Nas&quot; to trzeci tom serii po\u015bwi\u0119conej procesowi rozwoju \u015bwiadomo\u015bci, kt\u00f3ry aktualnie ma miejsce na Ziemi. Ksi\u0105\u017cka przenosi czytelnika w g\u0142\u0105b wewn\u0119trznego \u015bwiata cz\u0142owieka, do jego rdzenia, gdzie zachodzi ewolucyjna zmiana. Ewolucja, kt\u00f3rej podlegamy, dotyczy przede wszystkim naszej \u015bwiadomo\u015bci i przygotowuje nas do otworzenia si\u0119 na wielowymiarowo\u015b\u0107 istnienia.\" \/>\n<meta property=\"og:url\" content=\"https:\/\/globalneprzebudzenie.pl\/?product=globalne-przebudzenie-globalne-przebudzenie-tom-3-wszechswiaty-wewnatrz-nas\" \/>\n<meta property=\"og:site_name\" content=\"GLOBALNE PRZEBUDZENIE\" \/>\n<meta property=\"article:publisher\" content=\"https:\/\/www.facebook.com\/Teeeest-103108958500558\" \/>\n<meta property=\"article:modified_time\" content=\"2023-12-27T09:17:31+00:00\" \/>\n<meta property=\"og:image\" content=\"https:\/\/globalneprzebudzenie.pl\/wp-content\/uploads\/2023\/05\/tablet_mockup2.jpg\" \/>\n\t<meta property=\"og:image:width\" content=\"600\" \/>\n\t<meta property=\"og:image:height\" content=\"400\" \/>\n<meta name=\"twitter:card\" content=\"summary_large_image\" \/>\n<meta name=\"twitter:label1\" content=\"Szacowany czas czytania\" \/>\n\t<meta name=\"twitter:data1\" content=\"2 minuty\" \/>\n<script type=\"application\/ld+json\" class=\"yoast-schema-graph\">{\"@context\":\"https:\/\/schema.org\",\"@graph\":[{\"@type\":\"WebSite\",\"@id\":\"https:\/\/globalneprzebudzenie.pl\/#website\",\"url\":\"https:\/\/globalneprzebudzenie.pl\/\",\"name\":\"GLOBALNE PRZEBUDZENIE\",\"description\":\"W Sercu Nowej Ziemi\",\"potentialAction\":[{\"@type\":\"SearchAction\",\"target\":{\"@type\":\"EntryPoint\",\"urlTemplate\":\"https:\/\/globalneprzebudzenie.pl\/?s={search_term_string}\"},\"query-input\":\"required name=search_term_string\"}],\"inLanguage\":\"pl-PL\"},{\"@type\":\"ImageObject\",\"@id\":\"https:\/\/globalneprzebudzenie.pl\/?product=globalne-przebudzenie-globalne-przebudzenie-tom-3-wszechswiaty-wewnatrz-nas#primaryimage\",\"inLanguage\":\"pl-PL\",\"url\":\"https:\/\/globalneprzebudzenie.pl\/wp-content\/uploads\/2023\/05\/tablet_mockup2.jpg\",\"contentUrl\":\"https:\/\/globalneprzebudzenie.pl\/wp-content\/uploads\/2023\/05\/tablet_mockup2.jpg\",\"width\":600,\"height\":400},{\"@type\":\"WebPage\",\"@id\":\"https:\/\/globalneprzebudzenie.pl\/?product=globalne-przebudzenie-globalne-przebudzenie-tom-3-wszechswiaty-wewnatrz-nas#webpage\",\"url\":\"https:\/\/globalneprzebudzenie.pl\/?product=globalne-przebudzenie-globalne-przebudzenie-tom-3-wszechswiaty-wewnatrz-nas\",\"name\":\"[NOWO\\u015a\\u0106] Globalne Przebudzenie. Tom 3. Wszech\\u015bwiaty Wewn\\u0105trz Nas (EBOOK) - GLOBALNE PRZEBUDZENIE\",\"isPartOf\":{\"@id\":\"https:\/\/globalneprzebudzenie.pl\/#website\"},\"primaryImageOfPage\":{\"@id\":\"https:\/\/globalneprzebudzenie.pl\/?product=globalne-przebudzenie-globalne-przebudzenie-tom-3-wszechswiaty-wewnatrz-nas#primaryimage\"},\"datePublished\":\"2023-05-01T19:24:37+00:00\",\"dateModified\":\"2023-12-27T09:17:31+00:00\",\"breadcrumb\":{\"@id\":\"https:\/\/globalneprzebudzenie.pl\/?product=globalne-przebudzenie-globalne-przebudzenie-tom-3-wszechswiaty-wewnatrz-nas#breadcrumb\"},\"inLanguage\":\"pl-PL\",\"potentialAction\":[{\"@type\":\"ReadAction\",\"target\":[\"https:\/\/globalneprzebudzenie.pl\/?product=globalne-przebudzenie-globalne-przebudzenie-tom-3-wszechswiaty-wewnatrz-nas\"]}]},{\"@type\":\"BreadcrumbList\",\"@id\":\"https:\/\/globalneprzebudzenie.pl\/?product=globalne-przebudzenie-globalne-przebudzenie-tom-3-wszechswiaty-wewnatrz-nas#breadcrumb\",\"itemListElement\":[{\"@type\":\"ListItem\",\"position\":1,\"name\":\"Strona g\\u0142\\u00f3wna\",\"item\":\"https:\/\/globalneprzebudzenie.pl\/\"},{\"@type\":\"ListItem\",\"position\":2,\"name\":\"Sklep\",\"item\":\"https:\/\/globalneprzebudzenie.pl\/?page_id=6201\"},{\"@type\":\"ListItem\",\"position\":3,\"name\":\"[NOWO\\u015a\\u0106] Globalne Przebudzenie. Tom 3. Wszech\\u015bwiaty Wewn\\u0105trz Nas (EBOOK)\"}]}]}<\/script>\n<!-- \/ Yoast SEO plugin. -->","yoast_head_json":{"title":"[NOWO\u015a\u0106] Globalne Przebudzenie. Tom 3. Wszech\u015bwiaty Wewn\u0105trz Nas (EBOOK) - GLOBALNE PRZEBUDZENIE","robots":{"index":"index","follow":"follow","max-snippet":"max-snippet:-1","max-image-preview":"max-image-preview:large","max-video-preview":"max-video-preview:-1"},"canonical":"https:\/\/globalneprzebudzenie.pl\/?product=globalne-przebudzenie-globalne-przebudzenie-tom-3-wszechswiaty-wewnatrz-nas","og_locale":"pl_PL","og_type":"article","og_title":"[NOWO\u015a\u0106] Globalne Przebudzenie. Tom 3. Wszech\u015bwiaty Wewn\u0105trz Nas (EBOOK) - GLOBALNE PRZEBUDZENIE","og_description":"\"Globalne Przebudzenie: Wszech\u015bwiaty Wewn\u0105trz Nas\" to trzeci tom serii po\u015bwi\u0119conej procesowi rozwoju \u015bwiadomo\u015bci, kt\u00f3ry aktualnie ma miejsce na Ziemi. Ksi\u0105\u017cka przenosi czytelnika w g\u0142\u0105b wewn\u0119trznego \u015bwiata cz\u0142owieka, do jego rdzenia, gdzie zachodzi ewolucyjna zmiana. Ewolucja, kt\u00f3rej podlegamy, dotyczy przede wszystkim naszej \u015bwiadomo\u015bci i przygotowuje nas do otworzenia si\u0119 na wielowymiarowo\u015b\u0107 istnienia.","og_url":"https:\/\/globalneprzebudzenie.pl\/?product=globalne-przebudzenie-globalne-przebudzenie-tom-3-wszechswiaty-wewnatrz-nas","og_site_name":"GLOBALNE PRZEBUDZENIE","article_publisher":"https:\/\/www.facebook.com\/Teeeest-103108958500558","article_modified_time":"2023-12-27T09:17:31+00:00","og_image":[{"width":600,"height":400,"url":"https:\/\/globalneprzebudzenie.pl\/wp-content\/uploads\/2023\/05\/tablet_mockup2.jpg","type":"image\/jpeg"}],"twitter_card":"summary_large_image","twitter_misc":{"Szacowany czas czytania":"2 minuty"},"schema":{"@context":"https:\/\/schema.org","@graph":[{"@type":"WebSite","@id":"https:\/\/globalneprzebudzenie.pl\/#website","url":"https:\/\/globalneprzebudzenie.pl\/","name":"GLOBALNE PRZEBUDZENIE","description":"W Sercu Nowej Ziemi","potentialAction":[{"@type":"SearchAction","target":{"@type":"EntryPoint","urlTemplate":"https:\/\/globalneprzebudzenie.pl\/?s={search_term_string}"},"query-input":"required name=search_term_string"}],"inLanguage":"pl-PL"},{"@type":"ImageObject","@id":"https:\/\/globalneprzebudzenie.pl\/?product=globalne-przebudzenie-globalne-przebudzenie-tom-3-wszechswiaty-wewnatrz-nas#primaryimage","inLanguage":"pl-PL","url":"https:\/\/globalneprzebudzenie.pl\/wp-content\/uploads\/2023\/05\/tablet_mockup2.jpg","contentUrl":"https:\/\/globalneprzebudzenie.pl\/wp-content\/uploads\/2023\/05\/tablet_mockup2.jpg","width":600,"height":400},{"@type":"WebPage","@id":"https:\/\/globalneprzebudzenie.pl\/?product=globalne-przebudzenie-globalne-przebudzenie-tom-3-wszechswiaty-wewnatrz-nas#webpage","url":"https:\/\/globalneprzebudzenie.pl\/?product=globalne-przebudzenie-globalne-przebudzenie-tom-3-wszechswiaty-wewnatrz-nas","name":"[NOWO\u015a\u0106] Globalne Przebudzenie. Tom 3. Wszech\u015bwiaty Wewn\u0105trz Nas (EBOOK) - GLOBALNE PRZEBUDZENIE","isPartOf":{"@id":"https:\/\/globalneprzebudzenie.pl\/#website"},"primaryImageOfPage":{"@id":"https:\/\/globalneprzebudzenie.pl\/?product=globalne-przebudzenie-globalne-przebudzenie-tom-3-wszechswiaty-wewnatrz-nas#primaryimage"},"datePublished":"2023-05-01T19:24:37+00:00","dateModified":"2023-12-27T09:17:31+00:00","breadcrumb":{"@id":"https:\/\/globalneprzebudzenie.pl\/?product=globalne-przebudzenie-globalne-przebudzenie-tom-3-wszechswiaty-wewnatrz-nas#breadcrumb"},"inLanguage":"pl-PL","potentialAction":[{"@type":"ReadAction","target":["https:\/\/globalneprzebudzenie.pl\/?product=globalne-przebudzenie-globalne-przebudzenie-tom-3-wszechswiaty-wewnatrz-nas"]}]},{"@type":"BreadcrumbList","@id":"https:\/\/globalneprzebudzenie.pl\/?product=globalne-przebudzenie-globalne-przebudzenie-tom-3-wszechswiaty-wewnatrz-nas#breadcrumb","itemListElement":[{"@type":"ListItem","position":1,"name":"Strona g\u0142\u00f3wna","item":"https:\/\/globalneprzebudzenie.pl\/"},{"@type":"ListItem","position":2,"name":"Sklep","item":"https:\/\/globalneprzebudzenie.pl\/?page_id=6201"},{"@type":"ListItem","position":3,"name":"[NOWO\u015a\u0106] Globalne Przebudzenie. Tom 3. Wszech\u015bwiaty Wewn\u0105trz Nas (EBOOK)"}]}]}},"_links":{"self":[{"href":"https:\/\/globalneprzebudzenie.pl\/index.php?rest_route=\/wp\/v2\/product\/8031"}],"collection":[{"href":"https:\/\/globalneprzebudzenie.pl\/index.php?rest_route=\/wp\/v2\/product"}],"about":[{"href":"https:\/\/globalneprzebudzenie.pl\/index.php?rest_route=\/wp\/v2\/types\/product"}],"replies":[{"embeddable":true,"href":"https:\/\/globalneprzebudzenie.pl\/index.php?rest_route=%2Fwp%2Fv2%2Fcomments&post=8031"}],"wp:featuredmedia":[{"embeddable":true,"href":"https:\/\/globalneprzebudzenie.pl\/index.php?rest_route=\/wp\/v2\/media\/8035"}],"wp:attachment":[{"href":"https:\/\/globalneprzebudzenie.pl\/index.php?rest_route=%2Fwp%2Fv2%2Fmedia&parent=8031"}],"wp:term":[{"taxonomy":"product_cat","embeddable":true,"href":"https:\/\/globalneprzebudzenie.pl\/index.php?rest_route=%2Fwp%2Fv2%2Fproduct_cat&post=8031"},{"taxonomy":"product_tag","embeddable":true,"href":"https:\/\/globalneprzebudzenie.pl\/index.php?rest_route=%2Fwp%2Fv2%2Fproduct_tag&post=8031"}],"curies":[{"name":"wp","href":"https:\/\/api.w.org\/{rel}","templated":true}]}}